{"id":31531,"date":"2025-05-21T14:39:59","date_gmt":"2025-05-21T11:39:59","guid":{"rendered":"https:\/\/mebelis2.keyweb.bg\/?page_id=31531"},"modified":"2025-05-21T14:42:05","modified_gmt":"2025-05-21T11:42:05","slug":"%d0%b4%d0%be%d1%81%d1%82%d0%b0%d0%b2%d0%ba%d0%b0","status":"publish","type":"page","link":"https:\/\/mebelis2.keyweb.bg\/bg\/%d0%b4%d0%be%d1%81%d1%82%d0%b0%d0%b2%d0%ba%d0%b0\/","title":{"rendered":"\u0414\u043e\u0441\u0442\u0430\u0432\u043a\u0430"},"content":{"rendered":"\t\t<div data-elementor-type=\"wp-page\" data-elementor-id=\"31531\" class=\"elementor elementor-31531\">\n\t\t\t\t<div class=\"wd-negative-gap elementor-element elementor-element-65eea2bc e-flex e-con-boxed e-con e-parent\" data-id=\"65eea2bc\" data-element_type=\"container\">\n\t\t\t\t\t<div class=\"e-con-inner\">\n\t\t\t\t<div class=\"elementor-element elementor-element-1915a2f3 color-scheme-inherit text-left elementor-widget elementor-widget-text-editor\" data-id=\"1915a2f3\" data-element_type=\"widget\" data-widget_type=\"text-editor.default\">\n\t\t\t\t<div class=\"elementor-widget-container\">\n\t\t\t\t\t\t\t\t\t<h3 data-start=\"161\" data-end=\"186\"><strong data-start=\"165\" data-end=\"186\">Lieferbedingungen<\/strong><\/h3><p data-start=\"188\" data-end=\"399\"><strong data-start=\"188\" data-end=\"305\">Panelsform bietet Ihnen einen kostenlosen Lieferservice nach Hause ab einem Bestellwert von 350 \u20ac (inkl. MwSt.)*<\/strong><br data-start=\"305\" data-end=\"308\" \/>Liegt Ihre Bestellung unter 350 \u20ac, werden die Lieferkosten zum Selbstkostenpreis berechnet.<\/p><hr data-start=\"401\" data-end=\"404\" \/><h3 data-start=\"406\" data-end=\"426\"><strong data-start=\"410\" data-end=\"426\">Lieferzeiten<\/strong><\/h3><p data-start=\"428\" data-end=\"704\">Die voraussichtlichen Lieferzeiten werden im Warenkorb sowie in der Bestellbest\u00e4tigung per E-Mail angezeigt. Diese Zeiten gelten ab dem Datum der Bestellung gem\u00e4\u00df Artikel 4.5 unserer Allgemeinen Verkaufsbedingungen. Die Lieferzeit kann je nach Produktionsauslastung variieren.<\/p><p data-start=\"706\" data-end=\"940\">Bestellungen per \u00dcberweisung oder Scheck gelten erst nach Eingang und \u00dcberpr\u00fcfung der Zahlung als best\u00e4tigt. In diesen F\u00e4llen verl\u00e4ngert sich die urspr\u00fcnglich angegebene Lieferzeit um die Dauer zwischen Bestellung und Zahlungseingang.<\/p><p data-start=\"942\" data-end=\"1037\">Die Lieferungen erfolgen an Werktagen (also ohne Samstage, Sonntage und gesetzliche Feiertage).<\/p><p data-start=\"1039\" data-end=\"1128\">Sobald Ihre Produkte versandbereit sind, erhalten Sie eine Versandbest\u00e4tigung per E-Mail.<\/p><hr data-start=\"1130\" data-end=\"1133\" \/><h3 data-start=\"1135\" data-end=\"1161\"><strong data-start=\"1139\" data-end=\"1161\">Terminvereinbarung<\/strong><\/h3><p data-start=\"1163\" data-end=\"1479\">Der Spediteur wird sich innerhalb von 48 bis 72 Stunden nach dem Versand \u2013 und mindestens 24 Stunden vor dem geplanten Liefertermin \u2013 telefonisch oder per E-Mail mit Ihnen in Verbindung setzen. Bitte stellen Sie sicher, dass Ihre Kontaktdaten, insbesondere Telefonnummer und E-Mail-Adresse, korrekt angegeben wurden.<\/p><p data-start=\"1481\" data-end=\"1614\">Termine werden in Zeitfenstern von einem halben Tag vergeben \u2013 in gro\u00dfen St\u00e4dten bei gr\u00f6\u00dferen Bestellungen auch f\u00fcr einen ganzen Tag.<\/p><p data-start=\"1616\" data-end=\"2062\"><strong data-start=\"1616\" data-end=\"1628\">Hinweis:<\/strong> Die Lieferung bis zur Wohnungst\u00fcr oder in h\u00f6here Etagen ist nicht im Standardlieferservice enthalten. Wenn Sie eine Lieferung in Ihre Etage w\u00fcnschen, kontaktieren Sie uns bitte <strong data-start=\"1806\" data-end=\"1828\">vor der Bestellung<\/strong>, damit wir Ihnen ein individuelles Angebot unterbreiten k\u00f6nnen. Geben Sie dazu bitte den genauen Inhalt Ihrer geplanten Bestellung, Ihre Lieferadresse, die Etage sowie ggf. Aufzugsdaten (Gr\u00f6\u00dfe, Zugang usw.) und Ihre Telefonnummer an.<\/p><p data-start=\"2064\" data-end=\"2429\">Bei Standardlieferungen erfolgt keine Lieferung in h\u00f6here Etagen. Die Lieferung erfolgt durch eine einzelne Person. Das ungef\u00e4hre Gewicht Ihrer Bestellung wird in der Versandbest\u00e4tigung sowie im Lieferschein angegeben, der in Ihrem Kundenkonto verf\u00fcgbar ist. Bei schweren oder gro\u00dfen Paketen empfehlen wir, zus\u00e4tzliche Hilfe bereitzustellen (z.\u202fB. Freund, Nachbar).<\/p><p data-start=\"2431\" data-end=\"2636\">Kleinere Pakete (unter 2\u202fm Umfang und unter 30\u202fkg) werden ohne Terminabsprache zugestellt. Ist niemand vor Ort, wird eine Benachrichtigung im Briefkasten hinterlassen, um einen neuen Termin zu vereinbaren.<\/p><p data-start=\"2638\" data-end=\"2876\">Gr\u00f6\u00dfere Bestellungen (\u00fcber 2\u202fm Umfang oder \u00fcber 30\u202fkg) werden auf einer Palette geliefert, um Ihre Ware bestm\u00f6glich zu sch\u00fctzen. Die Palette verbleibt beim Kunden, es sei denn, der Fahrer erkl\u00e4rt sich bereit, sie beim Abladen mitzunehmen.<\/p><hr data-start=\"2878\" data-end=\"2881\" \/><h3 data-start=\"2883\" data-end=\"2935\"><strong data-start=\"2887\" data-end=\"2935\">Vorbereitung und Verpackung Ihrer Bestellung<\/strong><\/h3><p data-start=\"2937\" data-end=\"3085\">Wir legen gro\u00dfen Wert auf die sorgf\u00e4ltige Vorbereitung und Verpackung, um sicherzustellen, dass Ihre Bestellung in bestem Zustand bei Ihnen ankommt.<\/p><p data-start=\"3087\" data-end=\"3123\">So bereiten wir Ihre Bestellung vor:<\/p><p data-start=\"3125\" data-end=\"3357\"><strong data-start=\"3125\" data-end=\"3139\">Schritt 1:<\/strong> Die Produkte werden auf einer ma\u00dfgefertigten Palette platziert und mit mehreren Schutzschichten verpackt \u2013 zuerst mit PE-Schaum, dann mit Wellpappe. Ecken werden mit Kantenschutz versehen und die Palette wird umreift.<\/p><p data-start=\"3359\" data-end=\"3494\"><strong data-start=\"3359\" data-end=\"3373\">Schritt 2:<\/strong> Die Palette wird mit einer extrem widerstandsf\u00e4higen schwarzen Folie umwickelt, die zus\u00e4tzlich vor UV-Strahlung sch\u00fctzt.<\/p><p data-start=\"3496\" data-end=\"3619\"><strong data-start=\"3496\" data-end=\"3510\">Schritt 3:<\/strong> Abschlie\u00dfend werden Garantiesiegel und ein Etikett mit den Initialen des Verpackungsmitarbeiters angebracht.<\/p><hr data-start=\"3621\" data-end=\"3624\" \/><p data-start=\"3626\" data-end=\"3998\">*Angebot gilt f\u00fcr Lieferungen innerhalb des franz\u00f6sischen Festlands (ohne Korsika), Monaco und Andorra ab einem Bestellwert von 350\u202f\u20ac (inkl. MwSt.). F\u00fcr Lieferungen nach Belgien, Spanien, Deutschland, Italien, Portugal und Luxemburg gilt ein kostenloser Lieferservice ab einem Bestellwert von 550\u202f\u20ac (inkl. MwSt.). Etagenlieferungen sind von diesem Angebot ausgeschlossen.<\/p>\t\t\t\t\t\t\t\t<\/div>\n\t\t\t\t<\/div>\n\t\t\t\t\t<\/div>\n\t\t\t\t<\/div>\n\t\t\t\t<\/div>\n\t\t","protected":false},"excerpt":{"rendered":"<p>Lieferbedingungen Panelsform bietet Ihnen einen kostenlosen Lieferservice nach Hause ab einem Bestellwert von 350 \u20ac (inkl. MwSt.)*Liegt Ihre Bestellung unter<\/p>\n","protected":false},"author":1,"featured_media":0,"parent":0,"menu_order":0,"comment_status":"closed","ping_status":"closed","template":"elementor_header_footer","meta":{"_acf_changed":false,"footnotes":""},"class_list":["post-31531","page","type-page","status-publish","hentry"],"acf":[],"_links":{"self":[{"href":"https:\/\/mebelis2.keyweb.bg\/bg\/wp-json\/wp\/v2\/pages\/31531","targetHints":{"allow":["GET"]}}],"collection":[{"href":"https:\/\/mebelis2.keyweb.bg\/bg\/wp-json\/wp\/v2\/pages"}],"about":[{"href":"https:\/\/mebelis2.keyweb.bg\/bg\/wp-json\/wp\/v2\/types\/page"}],"author":[{"embeddable":true,"href":"https:\/\/mebelis2.keyweb.bg\/bg\/wp-json\/wp\/v2\/users\/1"}],"replies":[{"embeddable":true,"href":"https:\/\/mebelis2.keyweb.bg\/bg\/wp-json\/wp\/v2\/comments?post=31531"}],"version-history":[{"count":5,"href":"https:\/\/mebelis2.keyweb.bg\/bg\/wp-json\/wp\/v2\/pages\/31531\/revisions"}],"predecessor-version":[{"id":31537,"href":"https:\/\/mebelis2.keyweb.bg\/bg\/wp-json\/wp\/v2\/pages\/31531\/revisions\/31537"}],"wp:attachment":[{"href":"https:\/\/mebelis2.keyweb.bg\/bg\/wp-json\/wp\/v2\/media?parent=31531"}],"curies":[{"name":"wp","href":"https:\/\/api.w.org\/{rel}","templated":true}]}}