{"id":3,"date":"2024-08-27T08:53:19","date_gmt":"2024-08-27T08:53:19","guid":{"rendered":"https:\/\/mebelis2.keyweb.bg\/?page_id=3"},"modified":"2025-05-21T14:42:59","modified_gmt":"2025-05-21T11:42:59","slug":"privacy-policy","status":"publish","type":"page","link":"https:\/\/mebelis2.keyweb.bg\/bg\/privacy-policy\/","title":{"rendered":"\u041f\u043e\u043b\u0438\u0442\u0438\u043a\u0430 \u0437\u0430 \u043f\u043e\u0432\u0435\u0440\u0438\u0442\u0435\u043b\u043d\u043e\u0441\u0442"},"content":{"rendered":"\t\t<div data-elementor-type=\"wp-page\" data-elementor-id=\"3\" class=\"elementor elementor-3\">\n\t\t\t\t<div class=\"wd-negative-gap elementor-element elementor-element-4e9ccf31 e-flex e-con-boxed e-con e-parent\" data-id=\"4e9ccf31\" data-element_type=\"container\">\n\t\t\t\t\t<div class=\"e-con-inner\">\n\t\t\t\t<div class=\"elementor-element elementor-element-48dd1c2e color-scheme-inherit text-left elementor-widget elementor-widget-text-editor\" data-id=\"48dd1c2e\" data-element_type=\"widget\" data-widget_type=\"text-editor.default\">\n\t\t\t\t<div class=\"elementor-widget-container\">\n\t\t\t\t\t\t\t\t\t\n<p data-start=\"77\" data-end=\"122\"><strong data-start=\"77\" data-end=\"122\">Politique de confidentialit\u00e9 \u2013 Panelsform<\/strong><\/p>\n<p data-start=\"124\" data-end=\"301\">La pr\u00e9sente politique de confidentialit\u00e9 vise \u00e0 vous informer sur la mani\u00e8re dont <strong data-start=\"206\" data-end=\"220\">Panelsform<\/strong> collecte, traite et prot\u00e8ge vos donn\u00e9es personnelles (ci-apr\u00e8s les \u00ab Donn\u00e9es \u00bb).<\/p>\n<p data-start=\"303\" data-end=\"469\">En tant que responsable du traitement, Panelsform attache une grande importance \u00e0 la confidentialit\u00e9, \u00e0 l\u2019int\u00e9grit\u00e9 et \u00e0 la s\u00e9curit\u00e9 de vos informations personnelles.<\/p>\n<p data-start=\"471\" data-end=\"653\">Toutes les op\u00e9rations de traitement sont effectu\u00e9es conform\u00e9ment au R\u00e8glement g\u00e9n\u00e9ral sur la protection des donn\u00e9es (RGPD \u2013 R\u00e8glement UE 2016\/679) et aux lois nationales applicables.<\/p>\n<p data-start=\"655\" data-end=\"773\">Pour plus d\u2019informations sur vos droits, vous pouvez consulter le site de la CNIL : <a class=\"\" href=\"https:\/\/www.cnil.fr\" target=\"_new\" rel=\"noopener\" data-start=\"739\" data-end=\"773\">www.cnil.fr<\/a><\/p>\n<hr data-start=\"775\" data-end=\"778\" \/>\n<h3 data-start=\"780\" data-end=\"824\">1. Identit\u00e9 du responsable du traitement<\/h3>\n<p data-start=\"826\" data-end=\"1110\">Les donn\u00e9es sont collect\u00e9es par :<br data-start=\"859\" data-end=\"862\" \/><strong data-start=\"862\" data-end=\"880\">SAS Panelsform<\/strong>, au capital de 300 000 \u20ac, immatricul\u00e9e au RCS M\u00e2con B 511 188 690, dont le si\u00e8ge est situ\u00e9 au 17 rue Jean Ducerf \u2013 71120 VENDENESSE-LES-CHAROLLES, France.<br data-start=\"1035\" data-end=\"1038\" \/>Site internet : <a class=\"\" href=\"https:\/\/www.panelsform.com\" target=\"_new\" rel=\"noopener\" data-start=\"1054\" data-end=\"1110\">https:\/\/www.panelsform.com<\/a><\/p>\n<hr data-start=\"1112\" data-end=\"1115\" \/>\n<h3 data-start=\"1117\" data-end=\"1162\">2. Finalit\u00e9s de l\u2019utilisation des donn\u00e9es<\/h3>\n<p data-start=\"1164\" data-end=\"1225\">Panelsform utilise vos donn\u00e9es pour les finalit\u00e9s suivantes :<\/p>\n<ul data-start=\"1227\" data-end=\"1891\">\n<li data-start=\"1227\" data-end=\"1269\">\n<p data-start=\"1229\" data-end=\"1269\">Gestion des commandes et des paiements<\/p>\n<\/li>\n<li data-start=\"1270\" data-end=\"1314\">\n<p data-start=\"1272\" data-end=\"1314\">R\u00e9ponse \u00e0 vos demandes et service client<\/p>\n<\/li>\n<li data-start=\"1315\" data-end=\"1361\">\n<p data-start=\"1317\" data-end=\"1361\">Administration de votre compte utilisateur<\/p>\n<\/li>\n<li data-start=\"1362\" data-end=\"1414\">\n<p data-start=\"1364\" data-end=\"1414\">Am\u00e9lioration et personnalisation de nos services<\/p>\n<\/li>\n<li data-start=\"1415\" data-end=\"1466\">\n<p data-start=\"1417\" data-end=\"1466\">Collecte d\u2019avis clients et retours d\u2019exp\u00e9rience<\/p>\n<\/li>\n<li data-start=\"1467\" data-end=\"1532\">\n<p data-start=\"1469\" data-end=\"1532\">Participation \u00e0 des actions \u00e9cologiques (ex. Reforest\u2019Action)<\/p>\n<\/li>\n<li data-start=\"1533\" data-end=\"1566\">\n<p data-start=\"1535\" data-end=\"1566\">Organisation de jeux concours<\/p>\n<\/li>\n<li data-start=\"1567\" data-end=\"1641\">\n<p data-start=\"1569\" data-end=\"1641\">Envoi de newsletters et d\u2019offres commerciales, avec votre consentement<\/p>\n<\/li>\n<li data-start=\"1642\" data-end=\"1701\">\n<p data-start=\"1644\" data-end=\"1701\">Lutte contre la fraude et s\u00e9curisation des transactions<\/p>\n<\/li>\n<li data-start=\"1702\" data-end=\"1756\">\n<p data-start=\"1704\" data-end=\"1756\">Analyse statistique du trafic et des comportements<\/p>\n<\/li>\n<li data-start=\"1757\" data-end=\"1801\">\n<p data-start=\"1759\" data-end=\"1801\">Optimisation des campagnes publicitaires<\/p>\n<\/li>\n<li data-start=\"1802\" data-end=\"1837\">\n<p data-start=\"1804\" data-end=\"1837\">Respect des obligations l\u00e9gales<\/p>\n<\/li>\n<li data-start=\"1838\" data-end=\"1891\">\n<p data-start=\"1840\" data-end=\"1891\">D\u00e9fense des int\u00e9r\u00eats de Panelsform en cas de litige<\/p>\n<\/li>\n<\/ul>\n<hr data-start=\"1893\" data-end=\"1896\" \/>\n<h3 data-start=\"1898\" data-end=\"1923\">3. Donn\u00e9es collect\u00e9es<\/h3>\n<p data-start=\"1925\" data-end=\"1972\">Panelsform peut traiter les donn\u00e9es suivantes :<\/p>\n<ul data-start=\"1974\" data-end=\"2332\">\n<li data-start=\"1974\" data-end=\"2042\">\n<p data-start=\"1976\" data-end=\"2042\">Nom, pr\u00e9nom, adresse postale, adresse email, num\u00e9ro de t\u00e9l\u00e9phone<\/p>\n<\/li>\n<li data-start=\"2043\" data-end=\"2093\">\n<p data-start=\"2045\" data-end=\"2093\">Donn\u00e9es de paiement et historique de commandes<\/p>\n<\/li>\n<li data-start=\"2094\" data-end=\"2151\">\n<p data-start=\"2096\" data-end=\"2151\">Adresse IP, type de navigateur, donn\u00e9es de navigation<\/p>\n<\/li>\n<li data-start=\"2152\" data-end=\"2200\">\n<p data-start=\"2154\" data-end=\"2200\">Historique des produits consult\u00e9s ou achet\u00e9s<\/p>\n<\/li>\n<li data-start=\"2201\" data-end=\"2279\">\n<p data-start=\"2203\" data-end=\"2279\">Coordonn\u00e9es bancaires (conserv\u00e9es par OGONE, prestataire certifi\u00e9 PCI-DSS)<\/p>\n<\/li>\n<li data-start=\"2280\" data-end=\"2332\">\n<p data-start=\"2282\" data-end=\"2332\">Donn\u00e9es collect\u00e9es via cookies et outils d\u2019analyse<\/p>\n<\/li>\n<\/ul>\n<hr data-start=\"2334\" data-end=\"2337\" \/>\n<h3 data-start=\"2339\" data-end=\"2365\">4. Origine des donn\u00e9es<\/h3>\n<p data-start=\"2367\" data-end=\"2396\">Les donn\u00e9es sont collect\u00e9es :<\/p>\n<ul data-start=\"2398\" data-end=\"2592\">\n<li data-start=\"2398\" data-end=\"2440\">\n<p data-start=\"2400\" data-end=\"2440\">Lors de la cr\u00e9ation d\u2019un compte client<\/p>\n<\/li>\n<li data-start=\"2441\" data-end=\"2475\">\n<p data-start=\"2443\" data-end=\"2475\">Lors d\u2019un achat sur notre site<\/p>\n<\/li>\n<li data-start=\"2476\" data-end=\"2535\">\n<p data-start=\"2478\" data-end=\"2535\">Par le biais de formulaires ou interactions sur le site<\/p>\n<\/li>\n<li data-start=\"2536\" data-end=\"2592\">\n<p data-start=\"2538\" data-end=\"2592\">Par l\u2019interm\u00e9diaire de cookies et outils d\u2019analyse web<\/p>\n<\/li>\n<\/ul>\n<hr data-start=\"2594\" data-end=\"2597\" \/>\n<h3 data-start=\"2599\" data-end=\"2631\">5. Destinataires des donn\u00e9es<\/h3>\n<p data-start=\"2633\" data-end=\"2672\">Les donn\u00e9es peuvent \u00eatre transmises \u00e0 :<\/p>\n<ul data-start=\"2674\" data-end=\"2946\">\n<li data-start=\"2674\" data-end=\"2751\">\n<p data-start=\"2676\" data-end=\"2751\">Les \u00e9quipes internes de Panelsform (vente, marketing, comptabilit\u00e9, etc.)<\/p>\n<\/li>\n<li data-start=\"2752\" data-end=\"2869\">\n<p data-start=\"2754\" data-end=\"2869\">Nos prestataires techniques et partenaires commerciaux : Google, Microsoft Clarity, Reforest\u2019Action, Paypal, etc.<\/p>\n<\/li>\n<li data-start=\"2870\" data-end=\"2946\">\n<p data-start=\"2872\" data-end=\"2946\">Les sous-traitants de Panelsform dans le cadre de l\u2019ex\u00e9cution des services<\/p>\n<\/li>\n<\/ul>\n<p data-start=\"2948\" data-end=\"3047\">Panelsform s\u2019assure que ses partenaires respectent les normes de protection des donn\u00e9es en vigueur.<\/p>\n<hr data-start=\"3049\" data-end=\"3052\" \/>\n<h3 data-start=\"3054\" data-end=\"3071\">6. Vos droits<\/h3>\n<p data-start=\"3073\" data-end=\"3130\">Conform\u00e9ment au RGPD, vous disposez des droits suivants :<\/p>\n<ul data-start=\"3132\" data-end=\"3471\">\n<li data-start=\"3132\" data-end=\"3183\">\n<p data-start=\"3134\" data-end=\"3183\">Droit d\u2019acc\u00e8s, de rectification, de suppression<\/p>\n<\/li>\n<li data-start=\"3184\" data-end=\"3223\">\n<p data-start=\"3186\" data-end=\"3223\">Droit \u00e0 la limitation du traitement<\/p>\n<\/li>\n<li data-start=\"3224\" data-end=\"3250\">\n<p data-start=\"3226\" data-end=\"3250\">Droit \u00e0 la portabilit\u00e9<\/p>\n<\/li>\n<li data-start=\"3251\" data-end=\"3273\">\n<p data-start=\"3253\" data-end=\"3273\">Droit d\u2019opposition<\/p>\n<\/li>\n<li data-start=\"3274\" data-end=\"3320\">\n<p data-start=\"3276\" data-end=\"3320\">Droit \u00e0 l\u2019effacement (\u00ab droit \u00e0 l\u2019oubli \u00bb)<\/p>\n<\/li>\n<li data-start=\"3321\" data-end=\"3416\">\n<p data-start=\"3323\" data-end=\"3416\">Droit de ne pas faire l\u2019objet d\u2019une d\u00e9cision fond\u00e9e uniquement sur un traitement automatis\u00e9<\/p>\n<\/li>\n<li data-start=\"3417\" data-end=\"3471\">\n<p data-start=\"3419\" data-end=\"3471\">Droit d\u2019introduire une r\u00e9clamation aupr\u00e8s de la CNIL<\/p>\n<\/li>\n<\/ul>\n<p data-start=\"3473\" data-end=\"3608\">Pour exercer vos droits, contactez Panelsform par email ou par courrier postal \u00e0 l\u2019adresse ci-dessus, en joignant une pi\u00e8ce d\u2019identit\u00e9.<\/p>\n<hr data-start=\"3610\" data-end=\"3613\" \/>\n<h3 data-start=\"3615\" data-end=\"3638\">7. Cookies et suivi<\/h3>\n<p data-start=\"3640\" data-end=\"3721\">Panelsform utilise plusieurs types de cookies lors de la navigation sur le site :<\/p>\n<ul data-start=\"3723\" data-end=\"4077\">\n<li data-start=\"3723\" data-end=\"3793\">\n<p data-start=\"3725\" data-end=\"3793\"><strong data-start=\"3725\" data-end=\"3747\">Cookies essentiels<\/strong> : n\u00e9cessaires au bon fonctionnement du site<\/p>\n<\/li>\n<li data-start=\"3794\" data-end=\"3864\">\n<p data-start=\"3796\" data-end=\"3864\"><strong data-start=\"3796\" data-end=\"3820\">Cookies fonctionnels<\/strong> : pour am\u00e9liorer l\u2019exp\u00e9rience utilisateur<\/p>\n<\/li>\n<li data-start=\"3865\" data-end=\"3921\">\n<p data-start=\"3867\" data-end=\"3921\"><strong data-start=\"3867\" data-end=\"3893\">Cookies de performance<\/strong> : pour mesurer l\u2019audience<\/p>\n<\/li>\n<li data-start=\"3922\" data-end=\"3987\">\n<p data-start=\"3924\" data-end=\"3987\"><strong data-start=\"3924\" data-end=\"3949\">Cookies publicitaires<\/strong> : pour personnaliser les publicit\u00e9s<\/p>\n<\/li>\n<li data-start=\"3988\" data-end=\"4077\">\n<p data-start=\"3990\" data-end=\"4077\"><strong data-start=\"3990\" data-end=\"4009\">Cookies sociaux<\/strong> : pour interagir avec les r\u00e9seaux sociaux (Facebook, Twitter, etc.)<\/p>\n<\/li>\n<\/ul>\n<p data-start=\"4079\" data-end=\"4148\">Vous pouvez g\u00e9rer les cookies via les param\u00e8tres de votre navigateur.<\/p>\n<hr data-start=\"4150\" data-end=\"4153\" \/>\n<h3 data-start=\"4155\" data-end=\"4179\">8. Donn\u00e9es bancaires<\/h3>\n<p data-start=\"4181\" data-end=\"4344\">Les paiements sont g\u00e9r\u00e9s via un prestataire certifi\u00e9 (OGONE). Vous pouvez enregistrer ou supprimer vos moyens de paiement \u00e0 tout moment depuis votre compte client.<\/p>\n<hr data-start=\"4346\" data-end=\"4349\" \/>\n<h3 data-start=\"4351\" data-end=\"4379\">9. Dur\u00e9e de conservation<\/h3>\n<p data-start=\"4381\" data-end=\"4410\">Les donn\u00e9es sont conserv\u00e9es :<\/p>\n<ul data-start=\"4412\" data-end=\"4580\">\n<li data-start=\"4412\" data-end=\"4447\">\n<p data-start=\"4414\" data-end=\"4447\">Pendant la relation commerciale<\/p>\n<\/li>\n<li data-start=\"4448\" data-end=\"4521\">\n<p data-start=\"4450\" data-end=\"4521\">Aussi longtemps que n\u00e9cessaire pour respecter les obligations l\u00e9gales<\/p>\n<\/li>\n<li data-start=\"4522\" data-end=\"4580\">\n<p data-start=\"4524\" data-end=\"4580\">Pour une dur\u00e9e proportionnelle aux finalit\u00e9s poursuivies<\/p>\n<\/li>\n<\/ul>\n<p data-start=\"4582\" data-end=\"4676\">\u00c0 l\u2019issue des d\u00e9lais l\u00e9gaux ou contractuels, vos donn\u00e9es sont supprim\u00e9es de mani\u00e8re s\u00e9curis\u00e9e.<\/p>\n<hr data-start=\"4678\" data-end=\"4681\" \/>\n<h3 data-start=\"4683\" data-end=\"4727\">10. Divulgation dans des cas sp\u00e9cifiques<\/h3>\n<p data-start=\"4729\" data-end=\"4799\">Vos donn\u00e9es peuvent \u00eatre divulgu\u00e9es uniquement dans les cas suivants :<\/p>\n<ul data-start=\"4801\" data-end=\"4990\">\n<li data-start=\"4801\" data-end=\"4842\">\n<p data-start=\"4803\" data-end=\"4842\">Obligations l\u00e9gales ou r\u00e9glementaires<\/p>\n<\/li>\n<li data-start=\"4843\" data-end=\"4881\">\n<p data-start=\"4845\" data-end=\"4881\">D\u00e9fense des int\u00e9r\u00eats de Panelsform<\/p>\n<\/li>\n<li data-start=\"4882\" data-end=\"4939\">\n<p data-start=\"4884\" data-end=\"4939\">Lutte contre la fraude ou les atteintes \u00e0 la s\u00e9curit\u00e9<\/p>\n<\/li>\n<li data-start=\"4940\" data-end=\"4990\">\n<p data-start=\"4942\" data-end=\"4990\">Fusion, cession ou restructuration de Panelsform<\/p>\n<\/li>\n<\/ul>\n<hr data-start=\"4992\" data-end=\"4995\" \/>\n<h3 data-start=\"4997\" data-end=\"5025\">11. S\u00e9curit\u00e9 des donn\u00e9es<\/h3>\n<p data-start=\"5027\" data-end=\"5201\">Panelsform met en \u0153uvre des mesures techniques et organisationnelles adapt\u00e9es pour garantir la s\u00e9curit\u00e9 de vos donn\u00e9es contre toute perte, acc\u00e8s ou utilisation non autoris\u00e9e.<\/p>\n<hr data-start=\"5203\" data-end=\"5206\" \/>\n<h3 data-start=\"5208\" data-end=\"5243\">12. Mise \u00e0 jour de la politique<\/h3>\n<p data-start=\"5245\" data-end=\"5385\">Cette politique peut \u00eatre modifi\u00e9e \u00e0 tout moment. Toute modification sera publi\u00e9e sur cette page ou signal\u00e9e lors de votre prochaine visite.<\/p>\t\t\t\t\t\t\t\t<\/div>\n\t\t\t\t<\/div>\n\t\t\t\t\t<\/div>\n\t\t\t\t<\/div>\n\t\t\t\t<\/div>\n\t\t","protected":false},"excerpt":{"rendered":"<p>Politique de confidentialit\u00e9 \u2013 Panelsform La pr\u00e9sente politique de confidentialit\u00e9 vise \u00e0 vous informer sur la mani\u00e8re dont Panelsform collecte,<\/p>\n","protected":false},"author":1,"featured_media":0,"parent":0,"menu_order":0,"comment_status":"closed","ping_status":"closed","template":"elementor_header_footer","meta":{"_acf_changed":false,"footnotes":""},"class_list":["post-3","page","type-page","status-publish","hentry"],"acf":[],"_links":{"self":[{"href":"https:\/\/mebelis2.keyweb.bg\/bg\/wp-json\/wp\/v2\/pages\/3","targetHints":{"allow":["GET"]}}],"collection":[{"href":"https:\/\/mebelis2.keyweb.bg\/bg\/wp-json\/wp\/v2\/pages"}],"about":[{"href":"https:\/\/mebelis2.keyweb.bg\/bg\/wp-json\/wp\/v2\/types\/page"}],"author":[{"embeddable":true,"href":"https:\/\/mebelis2.keyweb.bg\/bg\/wp-json\/wp\/v2\/users\/1"}],"replies":[{"embeddable":true,"href":"https:\/\/mebelis2.keyweb.bg\/bg\/wp-json\/wp\/v2\/comments?post=3"}],"version-history":[{"count":5,"href":"https:\/\/mebelis2.keyweb.bg\/bg\/wp-json\/wp\/v2\/pages\/3\/revisions"}],"predecessor-version":[{"id":31546,"href":"https:\/\/mebelis2.keyweb.bg\/bg\/wp-json\/wp\/v2\/pages\/3\/revisions\/31546"}],"wp:attachment":[{"href":"https:\/\/mebelis2.keyweb.bg\/bg\/wp-json\/wp\/v2\/media?parent=3"}],"curies":[{"name":"wp","href":"https:\/\/api.w.org\/{rel}","templated":true}]}}