{"id":13,"date":"2025-05-21T14:31:25","date_gmt":"2025-05-21T11:31:25","guid":{"rendered":"https:\/\/mebelis2.keyweb.bg\/?page_id=13"},"modified":"2025-05-21T14:42:57","modified_gmt":"2025-05-21T11:42:57","slug":"refund_returns","status":"publish","type":"page","link":"https:\/\/mebelis2.keyweb.bg\/bg\/refund_returns\/","title":{"rendered":"\u041d\u0430\u0447\u0438\u043d \u043d\u0430 \u043f\u043b\u0430\u0449\u0430\u043d\u0435"},"content":{"rendered":"\t\t<div data-elementor-type=\"wp-page\" data-elementor-id=\"13\" class=\"elementor elementor-13\">\n\t\t\t\t<div class=\"wd-negative-gap elementor-element elementor-element-3383add3 e-flex e-con-boxed e-con e-parent\" data-id=\"3383add3\" data-element_type=\"container\">\n\t\t\t\t\t<div class=\"e-con-inner\">\n\t\t\t\t<div class=\"elementor-element elementor-element-21b744fb color-scheme-inherit text-left elementor-widget elementor-widget-text-editor\" data-id=\"21b744fb\" data-element_type=\"widget\" data-widget_type=\"text-editor.default\">\n\t\t\t\t<div class=\"elementor-widget-container\">\n\t\t\t\t\t\t\t\t\t\n<h3 data-start=\"149\" data-end=\"202\">Moyens de paiement disponibles sur panelsform.com<\/h3>\n<p data-start=\"204\" data-end=\"334\">Sur le site <a class=\"\" href=\"https:\/\/panelsform.com\" target=\"_new\" rel=\"noopener\" data-start=\"216\" data-end=\"256\">panelsform.com<\/a>, nous vous proposons plusieurs moyens de paiement pour r\u00e9gler votre commande.<\/p>\n<hr data-start=\"336\" data-end=\"339\" \/>\n<h4 data-start=\"341\" data-end=\"373\">Paiement par carte bancaire<\/h4>\n<p data-start=\"375\" data-end=\"541\">Si vous choisissez le paiement par carte bancaire lors de votre commande, vous serez redirig\u00e9 vers le terminal de paiement en ligne 100\u202f% s\u00e9curis\u00e9 du Cr\u00e9dit Agricole.<\/p>\n<p data-start=\"543\" data-end=\"677\">Pour garantir la s\u00e9curit\u00e9 de vos informations bancaires, <strong data-start=\"600\" data-end=\"644\">nous ne conservons aucune de vos donn\u00e9es<\/strong> saisies sur la page de paiement.<\/p>\n<hr data-start=\"679\" data-end=\"682\" \/>\n<h4 data-start=\"684\" data-end=\"708\">Paiement via Paypal<\/h4>\n<p data-start=\"710\" data-end=\"786\">Utilisez votre compte Paypal pour r\u00e9gler facilement votre commande en ligne.<\/p>\n<hr data-start=\"788\" data-end=\"791\" \/>\n<h4 data-start=\"793\" data-end=\"828\">Paiement par virement bancaire<\/h4>\n<p data-start=\"830\" data-end=\"1110\">Pour plus de flexibilit\u00e9, nous proposons \u00e9galement le paiement par virement bancaire.<br data-start=\"915\" data-end=\"918\" \/>Si vous choisissez ce mode de paiement, la commande ne sera valid\u00e9e qu\u2019\u00e0 r\u00e9ception de votre virement. Les d\u00e9lais de livraison annonc\u00e9s lors de la commande seront donc prolong\u00e9s en cons\u00e9quence.<\/p>\n<p data-start=\"1112\" data-end=\"1256\">Afin de faciliter le traitement de votre commande, nous vous invitons \u00e0 <strong data-start=\"1184\" data-end=\"1227\">indiquer la r\u00e9f\u00e9rence de votre commande<\/strong> dans l\u2019intitul\u00e9 du virement.<\/p>\n<p data-start=\"1258\" data-end=\"1461\"><strong data-start=\"1258\" data-end=\"1285\">Coordonn\u00e9es bancaires :<\/strong><br data-start=\"1285\" data-end=\"1288\" \/><strong data-start=\"1288\" data-end=\"1298\">Banque<\/strong> : CR\u00c9DIT AGRICOLE CENTRE-EST<br data-start=\"1327\" data-end=\"1330\" \/><strong data-start=\"1330\" data-end=\"1353\">Titulaire du compte<\/strong> : S.A.S. <strong data-start=\"1363\" data-end=\"1377\">Panelsform<\/strong><br data-start=\"1377\" data-end=\"1380\" \/><strong data-start=\"1380\" data-end=\"1387\">RIB<\/strong> : <strong data-start=\"1390\" data-end=\"1406\">XXXXXXXXXXXX<\/strong><br data-start=\"1406\" data-end=\"1409\" \/><strong data-start=\"1409\" data-end=\"1417\">IBAN<\/strong> : <strong data-start=\"1420\" data-end=\"1436\">XXXXXXXXXXXX<\/strong><br data-start=\"1436\" data-end=\"1439\" \/><strong data-start=\"1439\" data-end=\"1446\">BIC<\/strong> : <strong data-start=\"1449\" data-end=\"1461\">XXXXXXXX<\/strong><\/p>\n<hr data-start=\"1463\" data-end=\"1466\" \/>\n<h4 data-start=\"1468\" data-end=\"1492\">Paiement par ch\u00e8que<\/h4>\n<p data-start=\"1494\" data-end=\"1707\">Le paiement par ch\u00e8que est disponible pour la plupart des commandes.<br data-start=\"1562\" data-end=\"1565\" \/>La commande sera valid\u00e9e uniquement apr\u00e8s r\u00e9ception de votre ch\u00e8que. Les d\u00e9lais de livraison indiqu\u00e9s lors de la commande seront donc ajust\u00e9s.<\/p>\n<p data-start=\"1709\" data-end=\"1827\">Nous vous recommandons <strong data-start=\"1732\" data-end=\"1794\">d\u2019indiquer la r\u00e9f\u00e9rence de votre commande au dos du ch\u00e8que<\/strong> pour en faciliter le traitement.<\/p>\n<p data-start=\"1829\" data-end=\"1973\"><strong data-start=\"1829\" data-end=\"1860\">Adresse d\u2019envoi du ch\u00e8que :<\/strong><br data-start=\"1860\" data-end=\"1863\" \/>S.A.S. <strong data-start=\"1870\" data-end=\"1884\">Panelsform<\/strong><br data-start=\"1884\" data-end=\"1887\" \/>Service Comptabilit\u00e9<br data-start=\"1907\" data-end=\"1910\" \/><strong data-start=\"1910\" data-end=\"1923\">XXXXXXXXX<\/strong><br data-start=\"1923\" data-end=\"1926\" \/><strong data-start=\"1926\" data-end=\"1960\">71120 VENDENESSE-LES-CHAROLLES<\/strong><br data-start=\"1960\" data-end=\"1963\" \/><strong data-start=\"1963\" data-end=\"1973\">FRANCE<\/strong><\/p>\n\t\t\t\t\t\t\t\t<\/div>\n\t\t\t\t<\/div>\n\t\t\t\t\t<\/div>\n\t\t\t\t<\/div>\n\t\t\t\t<\/div>\n\t\t","protected":false},"excerpt":{"rendered":"<p>Moyens de paiement disponibles sur panelsform.com Sur le site panelsform.com, nous vous proposons plusieurs moyens de paiement pour r\u00e9gler votre<\/p>\n","protected":false},"author":1,"featured_media":0,"parent":0,"menu_order":0,"comment_status":"closed","ping_status":"closed","template":"elementor_header_footer","meta":{"_acf_changed":false,"footnotes":""},"class_list":["post-13","page","type-page","status-publish","hentry"],"acf":[],"_links":{"self":[{"href":"https:\/\/mebelis2.keyweb.bg\/bg\/wp-json\/wp\/v2\/pages\/13","targetHints":{"allow":["GET"]}}],"collection":[{"href":"https:\/\/mebelis2.keyweb.bg\/bg\/wp-json\/wp\/v2\/pages"}],"about":[{"href":"https:\/\/mebelis2.keyweb.bg\/bg\/wp-json\/wp\/v2\/types\/page"}],"author":[{"embeddable":true,"href":"https:\/\/mebelis2.keyweb.bg\/bg\/wp-json\/wp\/v2\/users\/1"}],"replies":[{"embeddable":true,"href":"https:\/\/mebelis2.keyweb.bg\/bg\/wp-json\/wp\/v2\/comments?post=13"}],"version-history":[{"count":5,"href":"https:\/\/mebelis2.keyweb.bg\/bg\/wp-json\/wp\/v2\/pages\/13\/revisions"}],"predecessor-version":[{"id":31543,"href":"https:\/\/mebelis2.keyweb.bg\/bg\/wp-json\/wp\/v2\/pages\/13\/revisions\/31543"}],"wp:attachment":[{"href":"https:\/\/mebelis2.keyweb.bg\/bg\/wp-json\/wp\/v2\/media?parent=13"}],"curies":[{"name":"wp","href":"https:\/\/api.w.org\/{rel}","templated":true}]}}